{"id":276,"date":"2020-04-13T10:36:22","date_gmt":"2020-04-13T09:36:22","guid":{"rendered":"https:\/\/fdhg.de\/?page_id=276"},"modified":"2023-10-20T11:35:37","modified_gmt":"2023-10-20T13:35:37","slug":"dsgvo","status":"publish","type":"page","link":"https:\/\/fdhg.de\/fi\/dsgvo\/","title":{"rendered":"DSGVO\/GDPR"},"content":{"rendered":"<p>[et_pb_section fb_built=&#8221;1&#8243; fullwidth=&#8221;on&#8221; module_class=&#8221;main_section_home&#8221; _builder_version=&#8221;4.20.4&#8243; locked=&#8221;off&#8221; global_colors_info=&#8221;{}&#8221;][et_pb_fullwidth_code _builder_version=&#8221;4.20.4&#8243; _module_preset=&#8221;default&#8221; hover_enabled=&#8221;0&#8243; global_colors_info=&#8221;{}&#8221; sticky_enabled=&#8221;0&#8243;]<\/p>\n<h1>Tietosuojak\u00e4yt\u00e4nt\u00f6<\/h1>\n<p>[\/et_pb_fullwidth_code][\/et_pb_section][et_pb_section fb_built=&#8221;1&#8243; _builder_version=&#8221;4.16&#8243; global_colors_info=&#8221;{}&#8221;][et_pb_row _builder_version=&#8221;4.16&#8243; global_colors_info=&#8221;{}&#8221;][et_pb_column type=&#8221;4_4&#8243; _builder_version=&#8221;4.16&#8243; global_colors_info=&#8221;{}&#8221;][et_pb_text _builder_version=&#8221;4.20.4&#8243; width=&#8221;60%&#8221; module_alignment=&#8221;center&#8221; hover_enabled=&#8221;0&#8243; global_colors_info=&#8221;{}&#8221; sticky_enabled=&#8221;0&#8243;]<\/p>\n<p>T\u00e4ss\u00e4 tietosuojak\u00e4yt\u00e4nn\u00f6ss\u00e4 kerrotaan, mit\u00e4 henkil\u00f6tietoja ker\u00e4\u00e4mme, kun k\u00e4yt\u00e4t Suomalais-Saksalaisen Kaupan Killan verkkosivustoa (https:\/\/fdhg.de\/), ja mihin tarkoitukseen k\u00e4sittelemme tietoja. Voit tutustua n\u00e4ihin tietoihin milloin tahansa osoitteessa https:\/\/fdhg.de\/DSGVO.<\/p>\n<h3><strong>1.\u00a0Vastuuhenkil\u00f6 \/ Yhteyshenkil\u00f6 <\/strong><\/h3>\n<p>Tietosuojalains\u00e4\u00e4d\u00e4nn\u00f6n mukainen vastuuhenkil\u00f6 on:<\/p>\n<p>Suomalais-saksalainen kauppakilta<\/p>\n<p>c\/o Osborne Clarke<br \/> Innere Kanalstra\u00dfe 15<br \/> 50823 K\u00f6ln<br \/> Deutschland<br \/> Tel.+49 221 51084192<\/p>\n<p>Jos sinulla on tietosuojaan liittyvi\u00e4 kysymyksi\u00e4 tai ehdotuksia, voit ottaa meihin yhteytt\u00e4 s\u00e4hk\u00f6postitse osoitteeseen<span><a href=\"mailto:timo.karsten@osborneclarke.com\">timo.karsten@osborneclarke.com<\/a><\/span> k\u00e4\u00e4nty\u00e4.<\/p>\n<h3><strong>2. tietosuojan kohde<\/strong><\/h3>\n<p>Gegenstand des Datenschutzes sind personenbezogene Daten. Dies sind nach Art. 4 Nr. 1 Datenschutz-Grundverordnung (<strong>DSGVO<\/strong>) alle Informationen, die sich auf eine identifizierte oder identifizierbare nat\u00fcrliche Person beziehen; dies umfasst bspw. Namen oder auch Kennnummern.<\/p>\n<h3><strong>3. tietojesi k\u00e4sittely, kun vierailet verkkosivustollamme.<\/strong><\/h3>\n<h4>Automaattinen tietojen ker\u00e4\u00e4minen verkkosivustollamme vieraillessasi<\/h4>\n<p>Kun k\u00e4yt\u00e4t verkkosivustoamme, p\u00e4\u00e4telaitteesi l\u00e4hett\u00e4\u00e4 automaattisesti tietoja teknisist\u00e4 syist\u00e4, joihin emme voi vaikuttaa. Me emme ker\u00e4\u00e4, analysoi tai tallenna n\u00e4it\u00e4 siirrettyj\u00e4 tietoja. Sivustollemme ei ole asennettu tiedonkeruuv\u00e4lineit\u00e4, kuten Googlea tai vastaavia.<\/p>\n<h3><strong>4. tietojesi k\u00e4sittely yhteydenottolomaketta k\u00e4ytett\u00e4ess\u00e4<\/strong><\/h3>\n<h4>4.1 Tietojen k\u00e4sittely<\/h4>\n<p><span>Jos l\u00e4het\u00e4t meille tiedusteluja yhteydenottolomakkeellamme tai s\u00e4hk\u00f6postitse, k\u00e4sittelemme yhteydenottolomakkeessa antamiasi tietoja, mukaan lukien siell\u00e4 antamasi yhteystiedot, tiedustelusi vastaanottamista ja k\u00e4sittely\u00e4 varten. Yhteystietojasi ovat mm:<\/span><\/p>\n<ul>\n<li>Nimet<\/li>\n<li>S\u00e4hk\u00f6postiosoite<\/li>\n<li>Puhelinnumero<\/li>\n<\/ul>\n<p>Ker\u00e4\u00e4mme n\u00e4m\u00e4 tiedot voidaksemme vastaanottaa ja k\u00e4sitell\u00e4 pyynt\u00f6si, DSGVO:n 6 artiklan 1 kohdan b alakohta.<\/p>\n<h4>4.1 <span>Henkil\u00f6tietojesi k\u00e4sittely j\u00e4senyytt\u00e4 haettaessa<\/span><\/h4>\n<h5>4.2.1 Tietojen k\u00e4sittely<\/h5>\n<p>Kun haet j\u00e4senyytt\u00e4 verkkosivujemme kautta, k\u00e4sittelemme hakemuslomakkeessa antamiasi henkil\u00f6tietoja hakemuksesi vastaanottamista ja k\u00e4sittely\u00e4 varten. T\u00e4m\u00e4 koskee tarvittaessa seuraavia tietoja:<\/p>\n<ul>\n<li>Nimi<\/li>\n<li>Asema<\/li>\n<li>Yritys<\/li>\n<li>Yrityksen osoite<\/li>\n<li>Puhelinnumero<\/li>\n<li>Faksinumero<\/li>\n<li>S\u00e4hk\u00f6postiosoite<\/li>\n<li>Tiedot hakemuksen perusteluista (linkki Suomeen).<\/li>\n<li>Yrityksen toiminta-ala<\/li>\n<li>Yksityinen osoite<\/li>\n<\/ul>\n<p>Ker\u00e4\u00e4mme n\u00e4m\u00e4 tiedot voidaksemme vastaanottaa ja k\u00e4sitell\u00e4 hakemuksesi, DSGVO:n 6 artiklan 1 kohdan b alakohta.<\/p>\n<h5>4.2.2 Velvollisuus tai tarve toimittaa tietosi<\/h5>\n<p><span>Sinulla ei ole sopimusperusteista eik\u00e4 oikeudellista velvollisuutta toimittaa meille edell\u00e4 mainittuja tietoja. N\u00e4iden tietojen antaminen on kuitenkin v\u00e4ltt\u00e4m\u00e4t\u00f6nt\u00e4, jotta voit liitty\u00e4 j\u00e4seneksemme. Voimme hyv\u00e4ksy\u00e4 ja k\u00e4sitell\u00e4 hakemuksesi vain, jos annat meille n\u00e4m\u00e4 tiedot.<\/span><\/p>\n<h5>4.2.3 Varastointiaika<\/h5>\n<p><span>S\u00e4ilyt\u00e4mme kaikki j\u00e4senhakemukset kuuden kuukauden ajan. Jos hyv\u00e4ksymme sinut j\u00e4seneksi, s\u00e4ilyt\u00e4mme tietojasi j\u00e4senyytesi ajan. J\u00e4senyytesi p\u00e4\u00e4tytty\u00e4 tietosi poistetaan.<\/span><\/p>\n<p><span>Lis\u00e4ksi s\u00e4ilyt\u00e4mme hakemuksestasi ja j\u00e4senyydest\u00e4si saatuja tietoja j\u00e4senyytesi p\u00e4\u00e4ttymisen j\u00e4lkeen vain seuraavissa tapauksissa ilman suostumustasi:<\/span><\/p>\n<ul>\n<li><span>Pid\u00e4t\u00e4mme oikeuden s\u00e4ilytt\u00e4\u00e4 hakemukset sek\u00e4 j\u00e4senyytesi tiedot vastaavien vanhentumisaikojen puitteissa (DSGVO:n 6 artiklan 1 kohdan f alakohta), sik\u00e4li kuin n\u00e4ill\u00e4 tiedoilla voi olla oikeudellista merkityst\u00e4. Silt\u00e4 osin kuin meill\u00e4 on lakis\u00e4\u00e4teinen velvollisuus s\u00e4ilytt\u00e4\u00e4 tietoja, s\u00e4ilyt\u00e4mme my\u00f6s hakemukset ja j\u00e4senyytesi tiedot lakis\u00e4\u00e4teisen m\u00e4\u00e4r\u00e4ajan (DSGVO:n 6 artiklan 1 kohdan c alakohta). Lakis\u00e4\u00e4teiset tallennusvaatimukset voivat johtua erityisesti HGB:n tai AO:n s\u00e4ilytysajoista.<\/span><\/li>\n<\/ul>\n<ul>\n<li><span>T\u00e4m\u00e4n j\u00e4lkeen tietopyynt\u00f6si poistetaan, jos emme en\u00e4\u00e4 tarvitse niit\u00e4 oikeudellisista syist\u00e4, erityisesti vaateiden esitt\u00e4mist\u00e4, turvaamista tai puolustamista varten. T\u00e4ll\u00f6in tallentaminen perustuu oikeutettuun etuumme, liiketoimintamme asianmukaiseen dokumentointiin ja oikeudellisen asemamme turvaamiseen (DSGVO 6 artiklan 1 kohdan f alakohta).<\/span><\/li>\n<\/ul>\n<h5>4.2.4 Sinun oikeutesi vastustaa<\/h5>\n<p>Sinulla on oikeus vastustaa milloin tahansa erityiseen tilanteeseesi liittyvin perustein sinua koskevien henkil\u00f6tietojen k\u00e4sittely\u00e4, joka suoritetaan oikeutettujen etujemme turvaamiseksi.<span>(DSGVO:n 6 artiklan 1 kohdan f alakohta).<\/span>, kohde k\u00e4sittelyyn. Lopetamme henkil\u00f6tietojesi k\u00e4sittelyn, paitsi jos voimme osoittaa, ett\u00e4 k\u00e4sittelyyn on pakottava oikeutettu syy, joka syrj\u00e4ytt\u00e4\u00e4 etusi, oikeutesi ja vapautesi, tai jos k\u00e4sittely on tarpeen oikeudellisten vaatimusten laatimiseksi, esitt\u00e4miseksi tai puolustamiseksi.<\/p>\n<p>Jos haluat k\u00e4ytt\u00e4\u00e4 vastustamisoikeuttasi, ota yhteytt\u00e4 kohdassa 1 mainittuihin yhteysosoitteisiin.<\/p>\n<h4>4.3\u00a0<span>Ev\u00e4steet<\/span><\/h4>\n<p>Emme k\u00e4yt\u00e4 ev\u00e4steit\u00e4 tai muita Googlen tai muiden tahojen analyysi- ja seurantapalveluja.<\/p>\n<h4>4.4 Sosiaalisen median integrointi<\/h4>\n<p>Sivustollamme ei k\u00e4ytet\u00e4 linkkej\u00e4 sosiaalisen median sivustoihin, kuten Facebookiin, LinkedIniin, Twitteriin ja vastaaviin.<\/p>\n<h4>4.5\u00a0<span>Automatisoidut yksitt\u00e4iset p\u00e4\u00e4t\u00f6kset tai toimenpiteet<\/span><\/h4>\n<p><span>Emme k\u00e4yt\u00e4 automatisoitua k\u00e4sittely\u00e4 p\u00e4\u00e4t\u00f6ksentekoon tai profilointia t\u00e4h\u00e4n tarkoitukseen.<\/span><\/p>\n<h4>4.6\u00a0<span>Tietojen v\u00e4litt\u00e4minen<\/span><\/h4>\n<p><span>Ellei t\u00e4ss\u00e4 tietosuojak\u00e4yt\u00e4nn\u00f6ss\u00e4 toisin mainita, henkil\u00f6tietojasi luovutetaan vain seuraavissa tapauksissa:<\/span><\/p>\n<h5>4.6.1\u00a0<\/h5>\n<p><span>Jos se on tarpeen palveluidemme laittoman k\u00e4yt\u00f6n selvitt\u00e4miseksi tai oikeudellisen syytteen nostamiseksi, henkil\u00f6tiedot v\u00e4litet\u00e4\u00e4n lainvalvontaviranomaisille ja tarvittaessa vahingoittuneille kolmansille osapuolille. N\u00e4in tapahtuu kuitenkin vain, jos on olemassa konkreettisia viitteit\u00e4 laittomasta tai v\u00e4\u00e4rink\u00e4yt\u00f6ksest\u00e4. Siirto voi tapahtua my\u00f6s, jos se palvelee k\u00e4ytt\u00f6ehtojen tai muiden sopimusten t\u00e4yt\u00e4nt\u00f6\u00f6npanoa. Meill\u00e4 on my\u00f6s lakis\u00e4\u00e4teinen velvollisuus antaa tietoja tietyille viranomaisille pyynn\u00f6st\u00e4. N\u00e4it\u00e4 ovat lainvalvontaviranomaiset, sakollisia hallinnollisia rikkomuksia ajavat viranomaiset ja veroviranomaiset.<\/span><\/p>\n<p>N\u00e4m\u00e4 tiedot luovutetaan v\u00e4\u00e4rink\u00e4yt\u00f6sten torjuntaan, rikosten syytteeseenpanoon ja saatavien turvaamiseen, esitt\u00e4miseen ja t\u00e4yt\u00e4nt\u00f6\u00f6npanoon liittyvien oikeutettujen etujemme perusteella, ja ett\u00e4 henkil\u00f6tietojesi suojaa koskevia oikeuksiasi ja etujasi ei syrj\u00e4ytet\u00e4, DSGVO:n 6 artiklan 1 kohdan f alakohdan mukaisesti tai DSGVO:n 6 artiklan 1 kohdan c alakohdan mukaisen oikeudellisen velvoitteen perusteella.<\/p>\n<h5>4.6.2\u00a0<\/h5>\n<p><span>K\u00e4yt\u00e4mme kolmansia osapuolia ja ulkoisia palveluntarjoajia (&#8221;k\u00e4sittelij\u00f6it\u00e4&#8221;) tarjotaksemme palveluita, kuten verkkosivujamme tai j\u00e4senyyteen liittyvi\u00e4 tapahtumia Suomalais-Saksalaisen Ammattikillan NRW:n organisaatiossa, mukaan lukien sen j\u00e4rjest\u00e4minen. T\u00e4llaisissa tapauksissa henkil\u00f6tietoja saatetaan luovuttaa n\u00e4ille k\u00e4sittelij\u00f6ille, jotta ne voivat suorittaa jatkok\u00e4sittely\u00e4. Valitsemme n\u00e4m\u00e4 k\u00e4sittelij\u00e4t huolellisesti ja tarkistamme ne s\u00e4\u00e4nn\u00f6llisesti varmistaaksemme, ett\u00e4 oikeuksiasi ja vapauksiasi suojellaan. K\u00e4sittelij\u00e4t saavat k\u00e4ytt\u00e4\u00e4 tietoja vain m\u00e4\u00e4rittelemiimme tarkoituksiin, ja olemme my\u00f6s velvoittaneet heid\u00e4t sopimuksin k\u00e4sittelem\u00e4\u00e4n tietojasi yksinomaan t\u00e4m\u00e4n tietosuojaselosteen ja Saksan tietosuojalakien mukaisesti.<\/span><\/p>\n<p><span>Tietojen siirto henkil\u00f6tietojen k\u00e4sittelij\u00f6ille tapahtuu DSGVO:n 28 artiklan 1 kohdan perusteella tai vaihtoehtoisesti oikeutetun etumme perusteella, joka perustuu erikoistuneiden henkil\u00f6tietojen k\u00e4sittelij\u00f6iden k\u00e4ytt\u00f6\u00f6n liittyviin taloudellisiin ja teknisiin etuihin ja siihen, ett\u00e4 henkil\u00f6tietojesi suojaa koskevia oikeuksiasi ja etujasi ei syrj\u00e4ytet\u00e4, DSGVO:n 6 artiklan 1 kohdan f alakohta.<\/span><\/p>\n<h5><strong>4.6.3\u00a0<\/strong><strong><span>Sinun oikeutesi vastustaa<\/span><\/strong><\/h5>\n<p>Jos tietojesi luovuttaminen t\u00e4ss\u00e4 kohdassa 9 tapahtuu oikeutettujen etujemme suojaamiseksi (DSGVO:n 6 artiklan 1 kohdan f alakohta), sinulla on oikeus milloin tahansa vastustaa t\u00e4t\u00e4 sinua koskevien henkil\u00f6tietojen k\u00e4sittely\u00e4 erityisest\u00e4 tilanteestasi johtuvista syist\u00e4. Lopetamme henkil\u00f6tietojesi k\u00e4sittelyn, paitsi jos voimme osoittaa k\u00e4sittelylle pakottavia oikeutettuja perusteita, jotka syrj\u00e4ytt\u00e4v\u00e4t etusi, oikeutesi ja vapautesi, tai jos k\u00e4sittely palvelee oikeudellisten vaatimusten esitt\u00e4mist\u00e4, toteuttamista tai puolustamista.<\/p>\n<p>.<\/p>\n<p>Voidaksesi k\u00e4ytt\u00e4\u00e4 vastustamisoikeuttasi ota meihin yhteytt\u00e4 kohdassa 1 mainituissa yhteysosoitteissa.<\/p>\n<h4>4.7\u00a0<span>Tietojesi poistaminen<\/span><\/h4>\n<p>Ellei toisin mainita, poistamme tai anonymisoimme henkil\u00f6tietosi heti, kun niit\u00e4 ei en\u00e4\u00e4 tarvita niihin tarkoituksiin, joihin ker\u00e4simme tai k\u00e4ytimme niit\u00e4 edell\u00e4 olevien kohtien mukaisesti.<\/p>\n<h4>4.8\u00a0<span>Oikeutesi rekister\u00f6ityn\u00e4<\/span><\/h4>\n<p><span>Edellytt\u00e4en, ett\u00e4 lakis\u00e4\u00e4teiset vaatimukset t\u00e4yttyv\u00e4t, voit pyyt\u00e4\u00e4 palautusta kohdassa esitetyin edellytyksin.\u00a0<\/span><span>1<\/span><span> aVoit k\u00e4ytt\u00e4\u00e4 seuraavia oikeuksia milloin tahansa k\u00e4ytt\u00e4m\u00e4ll\u00e4 annettuja yhteystietoja:<\/span><\/p>\n<ul>\n<li>Oikeutesi saada tietoa tallentamistasi tiedoista ja niiden k\u00e4sittelyst\u00e4 (DSGVO 15 artikla),<\/li>\n<li>Oikeus oikaista virheelliset henkil\u00f6tiedot (DSGVO 16 artikla),<\/li>\n<li>Oikeutesi saada tallentamasi tiedot poistetuksi (DSGVO:n 17 artikla),<\/li>\n<li>oikeutesi rajoittaa tietojenk\u00e4sittely\u00e4 (DSGVO:n 18 artikla) ja<\/li>\n<li>Oikeus tietojen siirrett\u00e4vyyteen (yleisen tietosuoja-asetuksen 20 artikla).<\/li>\n<li>Lis\u00e4ksi sinulla on vastustamisoikeus (DSGVO 21 artikla).<\/li>\n<\/ul>\n<p>Sinulla on oikeus milloin tahansa vastustaa erityiseen tilanteeseesi liittyvin perustein sinua koskevien henkil\u00f6tietojen k\u00e4sittely\u00e4, joka tapahtuu joko yleisen edun vuoksi (DSGVO:n 6 artiklan 1 kohdan e alakohta) tai oikeutettujen etujemme turvaamiseksi (DSGVO:n 6 artiklan 1 kohdan f alakohta). Lopetamme henkil\u00f6tietojesi k\u00e4sittelyn, paitsi jos voimme osoittaa k\u00e4sittelylle pakottavia oikeutettuja syit\u00e4, jotka syrj\u00e4ytt\u00e4v\u00e4t etusi, oikeutesi ja vapautesi, tai jos k\u00e4sittely on tarpeen oikeudellisten vaatimusten esitt\u00e4miseksi, toteuttamiseksi tai puolustamiseksi.<\/p>\n<p><span>Jos vastustat henkil\u00f6tietojesi k\u00e4sittely\u00e4 mahdollisia uutiskirjeit\u00e4 tai kutsuja varten, lopetamme joka tapauksessa t\u00e4llaisen k\u00e4sittelyn. <\/span><\/p>\n<p><span>Voit milloin tahansa tehd\u00e4 valituksen valvontaviranomaiselle, esimerkiksi asuinpaikkasi osavaltion toimivaltaiselle valvontaviranomaiselle, ty\u00f6paikkasi toimivaltaiselle valvontaviranomaiselle tai meille rekisterinpit\u00e4j\u00e4n\u00e4 vastuussa olevalle viranomaiselle, jos olet sit\u00e4 mielt\u00e4, ett\u00e4 sinua koskevien henkil\u00f6tietojen k\u00e4sittelyss\u00e4 rikotaan yleist\u00e4 tietosuoja-asetusta.<\/span><\/p>\n<p><span>Suomalais-saksalaisen ammattikillan toimivaltainen valvontaviranomainen on:<\/span><\/p>\n<p><span>Nordrhein-Westfalenin tietosuojasta ja tiedonv\u00e4lityksen vapaudesta vastaava valtionvaltuutettu.<\/span><\/p>\n<p><span>PL 20 04 44<br \/> 40102 D\u00fcsseldorf<br \/> 0211\/38424-0<\/span><\/p>\n<p><span><a href=\"mailto:poststelle@ldi.nrw.de\">poststelle@ldi.nrw.de<\/a><\/span><\/p>\n<h4>4.9\u00a0<span>Tietojen k\u00e4sittely oikeuksien k\u00e4ytt\u00e4misen yhteydess\u00e4<\/span><\/h4>\n<p>Lopuksi haluamme huomauttaa, ett\u00e4 k\u00e4sittelemme henkil\u00f6tietoja, jotka annat k\u00e4ytt\u00e4ess\u00e4si tietosuoja-asetuksen 15-22 artiklan mukaisia oikeuksiasi, n\u00e4iden oikeuksien toteuttamiseksi ja voidaksemme todistaa ne. K\u00e4sittelemme tallennettuja tietoja vain tietojen antamista ja valmistelua varten sek\u00e4 tietosuojavalvontaa varten ja rajoitamme k\u00e4sittely\u00e4 muutoin DSGVO:n 18 artiklan mukaisesti. N\u00e4m\u00e4 k\u00e4sittelytoimet perustuvat DSGVO:n 6 artiklan 1 kohdan c alakohdan oikeusperustaan yhdess\u00e4 DSGVO:n 15-22 artiklan kanssa. DSGVO:n 15-22 artikla ja BDSG:n 34 \u00a7:n 2 momentti.<\/p>\n<h4>4.10 <span>Muutokset t\u00e4h\u00e4n tietosuojak\u00e4yt\u00e4nt\u00f6\u00f6n<\/span><\/h4>\n<p>T\u00e4m\u00e4n tietosuojak\u00e4yt\u00e4nn\u00f6n ajantasainen versio on aina saatavilla osoitteessa osoitteessa <span><a href=\"https:\/\/fdhg.de\/dsgvo\/?lang=de\">www.fdhg.de\/dsgvo<\/a><\/span> haettavissa.<\/p>\n<p>Tilanne: huhtikuu 2020<\/p>\n<p>&nbsp;<\/p>\n<p>[\/et_pb_text][\/et_pb_column][\/et_pb_row][\/et_pb_section]<\/p>\n","protected":false},"excerpt":{"rendered":"<p>T\u00e4ss\u00e4 tietosuojak\u00e4yt\u00e4nn\u00f6ss\u00e4 kerrotaan, mit\u00e4 henkil\u00f6tietoja ker\u00e4\u00e4mme, kun k\u00e4yt\u00e4t Suomalais-Saksalaisen Kaupan Killan verkkosivustoa (https:\/\/fdhg.de\/), ja mihin tarkoitukseen k\u00e4sittelemme tietoja. Voit tutustua n\u00e4ihin tietoihin milloin tahansa osoitteessa https:\/\/fdhg.de\/DSGVO. 1.\u00a0Vastuuhenkil\u00f6 \/ Yhteyshenkil\u00f6 Tietosuojalains\u00e4\u00e4d\u00e4nn\u00f6n mukainen vastuuhenkil\u00f6 on: Suomalais-saksalainen kauppakilta c\/o Osborne Clarke Innere Kanalstra\u00dfe 15 50823 K\u00f6ln Deutschland Tel.+49 221 51084192 Jos sinulla on tietosuojaan liittyvi\u00e4 kysymyksi\u00e4 tai ehdotuksia, [&hellip;]<\/p>\n","protected":false},"author":1,"featured_media":0,"parent":0,"menu_order":0,"comment_status":"closed","ping_status":"closed","template":"","meta":{"_et_pb_use_builder":"on","_et_pb_old_content":"<!-- wp:divi\/placeholder \/-->","_et_gb_content_width":"","footnotes":""},"class_list":["post-276","page","type-page","status-publish","hentry"],"yoast_head":"<!-- This site is optimized with the Yoast SEO plugin v26.9 - https:\/\/yoast.com\/product\/yoast-seo-wordpress\/ -->\n<title>DSGVO\/GDPR - fdhg.de<\/title>\n<meta name=\"robots\" content=\"index, follow, max-snippet:-1, max-image-preview:large, max-video-preview:-1\" \/>\n<link rel=\"canonical\" href=\"https:\/\/fdhg.de\/dsgvo\/\" \/>\n<meta property=\"og:locale\" content=\"fi_FI\" \/>\n<meta property=\"og:type\" content=\"article\" \/>\n<meta property=\"og:title\" content=\"DSGVO\/GDPR - fdhg.de\" \/>\n<meta property=\"og:description\" content=\"T\u00e4ss\u00e4 tietosuojak\u00e4yt\u00e4nn\u00f6ss\u00e4 kerrotaan, mit\u00e4 henkil\u00f6tietoja ker\u00e4\u00e4mme, kun k\u00e4yt\u00e4t Suomalais-Saksalaisen Kaupan Killan verkkosivustoa (https:\/\/fdhg.de\/), ja mihin tarkoitukseen k\u00e4sittelemme tietoja. Voit tutustua n\u00e4ihin tietoihin milloin tahansa osoitteessa https:\/\/fdhg.de\/DSGVO. 1.\u00a0Vastuuhenkil\u00f6 \/ Yhteyshenkil\u00f6 Tietosuojalains\u00e4\u00e4d\u00e4nn\u00f6n mukainen vastuuhenkil\u00f6 on: Suomalais-saksalainen kauppakilta c\/o Osborne Clarke Innere Kanalstra\u00dfe 15 50823 K\u00f6ln Deutschland Tel.+49 221 51084192 Jos sinulla on tietosuojaan liittyvi\u00e4 kysymyksi\u00e4 tai ehdotuksia, [&hellip;]\" \/>\n<meta property=\"og:url\" content=\"https:\/\/fdhg.de\/dsgvo\/\" \/>\n<meta property=\"og:site_name\" content=\"fdhg.de\" \/>\n<meta property=\"article:modified_time\" content=\"2023-10-20T13:35:37+00:00\" \/>\n<meta name=\"twitter:card\" content=\"summary_large_image\" \/>\n<meta name=\"twitter:label1\" content=\"Arvioitu lukuaika\" \/>\n\t<meta name=\"twitter:data1\" content=\"6 minuuttia\" \/>\n<script type=\"application\/ld+json\" class=\"yoast-schema-graph\">{\"@context\":\"https:\/\/schema.org\",\"@graph\":[{\"@type\":\"WebPage\",\"@id\":\"https:\/\/fdhg.de\/dsgvo\/\",\"url\":\"https:\/\/fdhg.de\/dsgvo\/\",\"name\":\"DSGVO\/GDPR - fdhg.de\",\"isPartOf\":{\"@id\":\"https:\/\/fdhg.de\/#website\"},\"datePublished\":\"2020-04-13T09:36:22+00:00\",\"dateModified\":\"2023-10-20T13:35:37+00:00\",\"breadcrumb\":{\"@id\":\"https:\/\/fdhg.de\/dsgvo\/#breadcrumb\"},\"inLanguage\":\"fi\",\"potentialAction\":[{\"@type\":\"ReadAction\",\"target\":[\"https:\/\/fdhg.de\/dsgvo\/\"]}]},{\"@type\":\"BreadcrumbList\",\"@id\":\"https:\/\/fdhg.de\/dsgvo\/#breadcrumb\",\"itemListElement\":[{\"@type\":\"ListItem\",\"position\":1,\"name\":\"Home\",\"item\":\"https:\/\/fdhg.de\/fi\/\"},{\"@type\":\"ListItem\",\"position\":2,\"name\":\"DSGVO\/GDPR\"}]},{\"@type\":\"WebSite\",\"@id\":\"https:\/\/fdhg.de\/#website\",\"url\":\"https:\/\/fdhg.de\/\",\"name\":\"fdhg.de\",\"description\":\"Finnisch-Deutsche Handelsgilde \u2013 Nordrhein-Westfalen\",\"potentialAction\":[{\"@type\":\"SearchAction\",\"target\":{\"@type\":\"EntryPoint\",\"urlTemplate\":\"https:\/\/fdhg.de\/?s={search_term_string}\"},\"query-input\":{\"@type\":\"PropertyValueSpecification\",\"valueRequired\":true,\"valueName\":\"search_term_string\"}}],\"inLanguage\":\"fi\"}]}<\/script>\n<!-- \/ Yoast SEO plugin. -->","yoast_head_json":{"title":"DSGVO\/GDPR - fdhg.de","robots":{"index":"index","follow":"follow","max-snippet":"max-snippet:-1","max-image-preview":"max-image-preview:large","max-video-preview":"max-video-preview:-1"},"canonical":"https:\/\/fdhg.de\/dsgvo\/","og_locale":"fi_FI","og_type":"article","og_title":"DSGVO\/GDPR - fdhg.de","og_description":"T\u00e4ss\u00e4 tietosuojak\u00e4yt\u00e4nn\u00f6ss\u00e4 kerrotaan, mit\u00e4 henkil\u00f6tietoja ker\u00e4\u00e4mme, kun k\u00e4yt\u00e4t Suomalais-Saksalaisen Kaupan Killan verkkosivustoa (https:\/\/fdhg.de\/), ja mihin tarkoitukseen k\u00e4sittelemme tietoja. Voit tutustua n\u00e4ihin tietoihin milloin tahansa osoitteessa https:\/\/fdhg.de\/DSGVO. 1.\u00a0Vastuuhenkil\u00f6 \/ Yhteyshenkil\u00f6 Tietosuojalains\u00e4\u00e4d\u00e4nn\u00f6n mukainen vastuuhenkil\u00f6 on: Suomalais-saksalainen kauppakilta c\/o Osborne Clarke Innere Kanalstra\u00dfe 15 50823 K\u00f6ln Deutschland Tel.+49 221 51084192 Jos sinulla on tietosuojaan liittyvi\u00e4 kysymyksi\u00e4 tai ehdotuksia, [&hellip;]","og_url":"https:\/\/fdhg.de\/dsgvo\/","og_site_name":"fdhg.de","article_modified_time":"2023-10-20T13:35:37+00:00","twitter_card":"summary_large_image","twitter_misc":{"Arvioitu lukuaika":"6 minuuttia"},"schema":{"@context":"https:\/\/schema.org","@graph":[{"@type":"WebPage","@id":"https:\/\/fdhg.de\/dsgvo\/","url":"https:\/\/fdhg.de\/dsgvo\/","name":"DSGVO\/GDPR - fdhg.de","isPartOf":{"@id":"https:\/\/fdhg.de\/#website"},"datePublished":"2020-04-13T09:36:22+00:00","dateModified":"2023-10-20T13:35:37+00:00","breadcrumb":{"@id":"https:\/\/fdhg.de\/dsgvo\/#breadcrumb"},"inLanguage":"fi","potentialAction":[{"@type":"ReadAction","target":["https:\/\/fdhg.de\/dsgvo\/"]}]},{"@type":"BreadcrumbList","@id":"https:\/\/fdhg.de\/dsgvo\/#breadcrumb","itemListElement":[{"@type":"ListItem","position":1,"name":"Home","item":"https:\/\/fdhg.de\/fi\/"},{"@type":"ListItem","position":2,"name":"DSGVO\/GDPR"}]},{"@type":"WebSite","@id":"https:\/\/fdhg.de\/#website","url":"https:\/\/fdhg.de\/","name":"fdhg.de","description":"Finnisch-Deutsche Handelsgilde \u2013 Nordrhein-Westfalen","potentialAction":[{"@type":"SearchAction","target":{"@type":"EntryPoint","urlTemplate":"https:\/\/fdhg.de\/?s={search_term_string}"},"query-input":{"@type":"PropertyValueSpecification","valueRequired":true,"valueName":"search_term_string"}}],"inLanguage":"fi"}]}},"_links":{"self":[{"href":"https:\/\/fdhg.de\/fi\/wp-json\/wp\/v2\/pages\/276","targetHints":{"allow":["GET"]}}],"collection":[{"href":"https:\/\/fdhg.de\/fi\/wp-json\/wp\/v2\/pages"}],"about":[{"href":"https:\/\/fdhg.de\/fi\/wp-json\/wp\/v2\/types\/page"}],"author":[{"embeddable":true,"href":"https:\/\/fdhg.de\/fi\/wp-json\/wp\/v2\/users\/1"}],"replies":[{"embeddable":true,"href":"https:\/\/fdhg.de\/fi\/wp-json\/wp\/v2\/comments?post=276"}],"version-history":[{"count":9,"href":"https:\/\/fdhg.de\/fi\/wp-json\/wp\/v2\/pages\/276\/revisions"}],"predecessor-version":[{"id":1334,"href":"https:\/\/fdhg.de\/fi\/wp-json\/wp\/v2\/pages\/276\/revisions\/1334"}],"wp:attachment":[{"href":"https:\/\/fdhg.de\/fi\/wp-json\/wp\/v2\/media?parent=276"}],"curies":[{"name":"wp","href":"https:\/\/api.w.org\/{rel}","templated":true}]}}